{"id":164,"date":"2017-12-28T08:36:04","date_gmt":"2017-12-28T08:36:04","guid":{"rendered":"http:\/\/murciaenbici.org\/?page_id=164"},"modified":"2023-01-22T22:04:49","modified_gmt":"2023-01-22T22:04:49","slug":"hazte-socio","status":"publish","type":"page","link":"http:\/\/murciaenbici.org\/?page_id=164","title":{"rendered":"Hazte socio"},"content":{"rendered":"\n<p><span style=\"font-family: verdana, geneva; font-size: 12pt; line-height: 14pt; background-color: transparent;\">&nbsp;<span style=\"text-align: center; font-family: Verdana, sans-serif; font-size: 12pt; line-height: 14pt; background-color: transparent;\">La&nbsp;<\/span><strong style=\"text-align: center; font-family: Verdana, sans-serif; font-size: 12pt; line-height: 14pt; background-color: transparent;\">Asociaci\u00f3n Murcia en Bici<\/strong><span style=\"text-align: center; font-family: Verdana, sans-serif; font-size: 12pt; line-height: 14pt; background-color: transparent;\">&nbsp;es una asociaci\u00f3n ciudadana de usuarios de la bicicleta&nbsp;<\/span><\/span><\/p>\n\n\n\n<p><span style=\"font-family: verdana, geneva; font-size: 12pt; line-height: 14pt; background-color: transparent;\"><span style=\"line-height: normal; text-align: center; font-size: 12pt; font-family: Verdana, sans-serif;\"><strong>sin afiliaci\u00f3n pol\u00edtica ni \u00e1nimo de lucro.<\/strong><\/span><span style=\"text-align: center; font-family: verdana, geneva; font-size: 12pt; line-height: 14pt; background-color: transparent;\"><span style=\"font-size: 12pt; font-family: Verdana, sans-serif;\"><strong>&nbsp;<\/strong><\/span><\/span><\/span><\/p>\n\n\n\n<p><span style=\"font-family: verdana, geneva; font-size: 12pt; line-height: 14pt; background-color: transparent;\"><span style=\"font-size: 12pt; font-family: Verdana, sans-serif;\">&nbsp;<\/span><\/span><\/p>\n\n\n\n<p><span style=\"font-size: 12pt; font-family: Verdana, sans-serif;\">Trabajamos para <strong><i>fomentar en el municipio de Murcia la cultura de la bicicleta como <\/i><\/strong><\/span><\/p>\n\n\n\n<p><span style=\"font-size: 12pt; font-family: Verdana, sans-serif;\"><strong><i>medio de transporte y ocio, en el marco de los&nbsp;<\/i><\/strong><\/span><strong style=\"font-family: Verdana, sans-serif; font-size: 12pt; background-color: transparent;\"><i>principios de la movilidad sostenible.<\/i><\/strong><\/p>\n\n\n\n<p><span style=\"font-family: verdana, geneva; font-size: 12pt; line-height: 14pt; background-color: transparent;\"><span style=\"font-size: 12pt; font-family: Verdana, sans-serif;\"><strong><i>&nbsp;<\/i><\/strong><\/span><\/span><\/p>\n\n\n\n<p><strong><span style=\"font-size: 14pt; font-family: Verdana, sans-serif;\">\u00bfPor qu\u00e9 hacerte socio?<\/span><\/strong><\/p>\n\n\n\n<p><span style=\"font-family: verdana, geneva; font-size: 12pt; line-height: 14pt; background-color: transparent;\"><span style=\"font-size: 14pt; font-family: Verdana, sans-serif;\"><span style=\"font-size: 12pt;\">Principalmente porque somos un &nbsp;referente en materia de movilidad en Murcia. Queremos ser tu voz en la mediaciones con la administraci\u00f3n local. Tendremos m\u00e1s fuerza en nuestras (vuestras) reivindicaciones, si somos un n\u00famero considerable de socios.<\/span><\/span><\/span><\/p>\n\n\n\n<p><span style=\"font-size: 12pt; font-family: Verdana, sans-serif;\">Adem\u00e1s, como socio de Murcia en Bici podr\u00e1s:<\/span><\/p>\n\n\n\n<p><span style=\"font-family: verdana, geneva; font-size: 12pt; line-height: 14pt; background-color: transparent;\"><span style=\"font-size: 12pt; font-family: Verdana, sans-serif;\">&nbsp;<\/span><\/span><\/p>\n\n\n\n<p><span style=\"font-size: 12pt; font-family: Verdana, sans-serif;\">&#8211; Recibir <strong>informaci\u00f3n detallada<\/strong> de todas las iniciativas, proyectos y actividades que vamos<\/span><span style=\"font-size: 12pt; font-family: Verdana, sans-serif;\">desarrollando a lo largo de todo el a\u00f1o.<\/span><\/p>\n\n\n\n<p><span style=\"font-size: 12pt; font-family: Verdana, sans-serif; color: #ff0000;\">&#8211; Novedad. Este a\u00f1o la cuota incluye un seguro de responsabilidad cicvil como usuario de la bici.<\/span><span style=\"font-size: 12pt; font-family: Verdana, sans-serif; color: #ff0000;\">&nbsp;<\/span><\/p>\n\n\n\n<p><span style=\"font-size: 12pt; font-family: Verdana, sans-serif;\">&#8211; Formar parte de los distintos <strong>grupos de trabajo de nuestra Asociaci\u00f3n<\/strong> e implicarte <\/span><\/p>\n\n\n\n<p><span style=\"font-size: 12pt; font-family: Verdana, sans-serif;\">activamente en alguno de ellos.<\/span><\/p>\n\n\n\n<p><span style=\"font-size: 12pt; font-family: Verdana, sans-serif;\">&#8211; Participar en la <strong>toma de decisiones e integrarte en nuestra Junta Directiva.<\/strong><\/span><\/p>\n\n\n\n<p><span style=\"font-size: 12pt; font-family: Verdana, sans-serif;\">&#8211; Planificar y desarrollar <strong>nuevas rutas<\/strong> acorde con tus conocimientos, inquietudes y\/o <\/span><\/p>\n\n\n\n<p><span style=\"font-size: 12pt; font-family: Verdana, sans-serif;\">campos de interes. <\/span><\/p>\n\n\n\n<p><span style=\"font-family: verdana, geneva; font-size: 12pt; line-height: 14pt; background-color: transparent;\"><strong><span style=\"font-size: 14pt; font-family: Verdana, sans-serif;\">&nbsp;<\/span><\/strong><\/span><\/p>\n\n\n\n<p><strong><span style=\"font-size: 14pt; font-family: Verdana, sans-serif;\">Importe de las cuotas:<\/span><\/strong><\/p>\n\n\n\n<p><span style=\"font-family: verdana, geneva; font-size: 12pt; line-height: 14pt; background-color: transparent;\"><strong><span style=\"font-size: 12pt; font-family: Verdana, sans-serif;\">&nbsp;<\/span><\/strong><\/span><\/p>\n\n\n\n<p><strong><span style=\"font-size: 12pt; font-family: Verdana, sans-serif;\">Cuota individual:<\/span><\/strong><span style=\"font-size: 12pt; font-family: Verdana, sans-serif;\"> 15\u20ac anual.<\/span><\/p>\n\n\n\n<p>&nbsp;<\/p>\n\n\n\n<p><strong><span style=\"font-size: 12pt; font-family: Verdana, sans-serif;\">Cuota familiar:<\/span><\/strong><span style=\"font-size: 12pt; font-family: Verdana, sans-serif;\"> 15\u20ac primer socio, 10\u20ac para el resto de miembros de la familia mayores de 12 a\u00f1os.<\/span><\/p>\n\n\n\n<p>&nbsp;<\/p>\n\n\n\n<p><strong><span style=\"font-size: 12pt; font-family: Verdana, sans-serif;\">Cuota para estudiantes, desempleados, pensionistas y menores de 18 a\u00f1os:<\/span><\/strong><span style=\"font-size: 12pt; font-family: Verdana, sans-serif;\"> 10\u20ac.<\/span><\/p>\n\n\n\n<p>&nbsp;<\/p>\n\n\n\n<p><strong><span style=\"font-size: 12pt; font-family: Verdana, sans-serif;\">Cuota infantil:<\/span><\/strong><span style=\"font-size: 12pt; font-family: Verdana, sans-serif;\"> &nbsp; 5\u20ac &nbsp;&nbsp;&nbsp; (ni\u00f1os de 6 a 12 a\u00f1os). <\/span><\/p>\n\n\n\n<p><span style=\"font-size: 12pt; font-family: Verdana, sans-serif;\">Gratis (ni\u00f1os de 0 a 5 a\u00f1os).<\/span><\/p>\n\n\n\n<p><span style=\"font-family: verdana, geneva; font-size: 12pt; line-height: 14pt; background-color: transparent;\"><strong><span style=\"font-size: 14pt; font-family: Verdana, sans-serif;\">&nbsp;<\/span><\/strong><\/span><\/p>\n\n\n\n<p><strong><span style=\"font-size: 14pt; font-family: Verdana, sans-serif;\">\u00bfY c\u00f3mo puedo inscribirme?<\/span><\/strong><\/p>\n\n\n\n<p><span style=\"font-family: verdana, geneva; font-size: 12pt; line-height: 14pt; background-color: transparent;\"><strong><span style=\"font-size: 14pt; font-family: Verdana, sans-serif;\">&nbsp;<\/span><\/strong><\/span><\/p>\n\n\n\n<p><span style=\"font-size: 12pt; font-family: Verdana, sans-serif;\">Pasos a seguir.<\/span><\/p>\n\n\n\n<p><span style=\"font-family: verdana, geneva; font-size: 12pt; line-height: 14pt; background-color: transparent;\"><span style=\"font-size: 12pt; font-family: Verdana, sans-serif;\">&nbsp;<\/span><\/span><\/p>\n\n\n\n<p><span style=\"font-size: 12pt; font-family: Verdana, sans-serif;\">1. Cumplimenta este <a href=\"http:\/\/murciaenbici.org\/wp-content\/uploads\/2022\/07\/Ficha-de-inscripcion-MNB.pdf\"><strong>bolet\u00edn de inscripci\u00f3n<\/strong><\/a> (PDF) con los datos que te pide, o si lo prefieres, en <a rel=\"noreferrer noopener\" href=\"http:\/\/murciaenbici.org\/wp-content\/uploads\/2022\/07\/Ficha-de-inscripcion..doc\" target=\"_blank\"><strong>formato Word<\/strong><\/a>.<br><\/span><span style=\"font-family: verdana, geneva; font-size: 12pt; line-height: 14pt; background-color: transparent;\"><span style=\"font-size: 12pt; font-family: Verdana, sans-serif;\"><\/span><\/span><\/p>\n\n\n\n<p><span style=\"font-size: 12pt; font-family: Verdana, sans-serif;\">2.Paga tu cuota correspondiente, bien por transferencia bancaria a nuestra cuenta <span style=\"color: #ff0000;\">ES18 1491 0001 2130 0006 3505&nbsp;de TRIODOS BANK (novedad este a\u00f1o, la anterior era de Cajamar)<\/span>&nbsp;o bien por domiciliaci\u00f3n bancaria rellenando y firmando la <strong><a href=\"http:\/\/murciaenbici.org\/wp-content\/uploads\/2022\/07\/MANDATO-PAGO-CUOTA-ANUAL-MURCIA-EN-BICI.pdf\" target=\"_blank\" rel=\"noreferrer noopener\">orden de pago SEPA que puedes descargarte aqu\u00ed<\/a><\/strong> y deber\u00e1s enviarla escaneada.<\/span><\/p>\n\n\n\n<p><span style=\"font-size: 12pt; font-family: Verdana, sans-serif;\">&nbsp;3.Env\u00eda un correo a<br><script><br \/>\n <!--\n var prefix = 'm&#97;&#105;lt&#111;:';\n var suffix = '';\n var attribs = '';\n var path = 'hr' + 'ef' + '=';\n var addy94738 = 's&#101;cr&#101;t&#97;r&#105;&#97;' + '&#64;';\n addy94738 = addy94738 + 'm&#117;rc&#105;&#97;&#101;nb&#105;c&#105;' + '&#46;' + '&#111;rg';\n document.write( '<a ' + path + '\\'' + prefix + addy94738 + suffix + '\\'' + attribs + '>' );\n document.write( addy94738 );\n document.write( '<\\\/a>' );\n \/\/--><br \/>\n <\/script><a href=\"mailto:secretaria@murciaenbici.org\">secretaria@murciaenbici.org<\/a><script><br \/>\n <!--\n document.write( '<span style=\\'display: none;\\'>' );\n \/\/--><br \/>\n <\/script><span style=\"display: none;\">Esta direcci\u00f3n electr\u00f3nica esta protegida contra spam bots. Necesita activar JavaScript para visualizarla<br><script><br \/>\n <!--\n document.write( '<\/' );\n document.write( 'span>' );\n \/\/--><br \/>\n <\/script><\/span>&nbsp;adjuntando el bolet\u00edn de inscripci\u00f3n y el recibo de pago. En el caso de domiciliar el pago, no enviar\u00e1s recibo, sino el mandato SEPA rellenado, firmado y escaneado.<\/span><\/p>\n\n\n\n<p><span style=\"font-family: verdana, geneva; font-size: 12pt; line-height: 14pt; background-color: transparent;\"><span style=\"font-size: 12pt; font-family: Verdana, sans-serif;\">&nbsp;<\/span><\/span><\/p>\n\n\n\n<p><span style=\"font-size: 12pt; font-family: Verdana, sans-serif;\">Puedes hacerte socio tambi\u00e9n entregando el&nbsp;<strong>bolet\u00edn de inscripci\u00f3n y pagando personalmente<\/strong> en nuestro local <\/span><span style=\"font-size: 12pt; font-family: Verdana, sans-serif;\">(Asociaci\u00f3n de Vecinos de Vistabella). Atenderemos en periodo ordinario de renovaci\u00f3n (primeros meses del a\u00f1o) los&nbsp;<\/span><span style=\"font-size: 12pt; font-family: Verdana, sans-serif;\">mi\u00e9rcoles de&nbsp;<\/span><span style=\"font-size: 12pt; font-family: Verdana, sans-serif;\">18:30h a 20:30 horas. Si vas a pasarte fuera de ese periodo, te aconsejamos que llames previamente al tel\u00e9fono 652369371.<\/span><\/p>\n\n\n\n<p><span style=\"font-family: verdana, geneva; font-size: 12pt; line-height: 14pt; background-color: transparent;\"><span style=\"font-size: 12pt; font-family: Verdana, sans-serif;\">&nbsp;<\/span><\/span><\/p>\n\n\n\n<p><span style=\"font-size: 12pt; font-family: Verdana, sans-serif;\">Para realizar cualquier consulta relacionada con el tema de la suscripci\u00f3n a la asociaci\u00f3n o para&nbsp;<\/span><span style=\"font-family: Verdana, sans-serif; font-size: 12pt; background-color: transparent;\">modificar vuestros datos podeis mandar un correo&nbsp;<\/span><span style=\"font-size: 12pt; font-family: Verdana, sans-serif;\">a<br><script language=\"JavaScript\" type=\"text\/javascript\"><br \/>\n <!--\n var prefix = 'm&#97;&#105;lt&#111;:';\n var suffix = '';\n var attribs = '';\n var path = 'hr' + 'ef' + '=';\n var addy74692 = 's&#101;cr&#101;t&#97;r&#105;&#97;' + '&#64;';\n addy74692 = addy74692 + 'm&#117;rc&#105;&#97;&#101;nb&#105;c&#105;' + '&#46;' + '&#111;rg';\n document.write( '<a ' + path + '\\'' + prefix + addy74692 + suffix + '\\'' + attribs + '>' );\n document.write( addy74692 );\n document.write( '<\\\/a>' );\n \/\/--><br \/>\n <\/script><a href=\"mailto:secretaria@murciaenbici.org\">secretaria@murciaenbici.org<\/a><script language=\"JavaScript\" type=\"text\/javascript\"><br \/>\n <!--\n document.write( '<span style=\\'display: none;\\'>' );\n \/\/--><br \/>\n <\/script><span style=\"display: none;\">Esta direcci\u00f3n electr\u00f3nica esta protegida contra spam bots. Necesita activar JavaScript para visualizarla<br><script language=\"JavaScript\" type=\"text\/javascript\"><br \/>\n <!--\n document.write( '<\/' );\n document.write( 'span>' );\n \/\/--><br \/>\n <\/script><\/span><\/span><\/p>\n\n\n\n<p><span style=\"font-size: 12pt; font-family: Verdana, sans-serif;\">&nbsp;<\/span><\/p>\n\n\n\n<p><span style=\"font-size: 14pt;\"><strong><span style=\"font-family: verdana, geneva;\">&nbsp;Ya eres socio y vas a renovar.<\/span><\/strong><\/span><\/p>\n\n\n\n<p><span style=\"font-family: verdana, geneva; font-size: 12pt;\">En este caso, solo necesitas pagar tu cuota y enviar el recibo o orden de pago SEPA a<br><script language=\"JavaScript\" type=\"text\/javascript\"><br \/>\n <!--\n var prefix = 'm&#97;&#105;lt&#111;:';\n var suffix = '';\n var attribs = '';\n var path = 'hr' + 'ef' + '=';\n var addy76992 = 't&#101;s&#111;r&#101;r&#105;&#97;' + '&#64;';\n addy76992 = addy76992 + 'm&#117;rc&#105;&#97;&#101;nb&#105;c&#105;' + '&#46;' + '&#111;rg';\n document.write( '<a ' + path + '\\'' + prefix + addy76992 + suffix + '\\'' + attribs + '>' );\n document.write( addy76992 );\n document.write( '<\\\/a>' );\n \/\/--><br \/>\n <\/script><a href=\"mailto:tesoreria@murciaenbici.org\">tesoreria@murciaenbici.org<\/a><script language=\"JavaScript\" type=\"text\/javascript\"><br \/>\n <!--\n document.write( '<span style=\\'display: none;\\'>' );\n \/\/--><br \/>\n <\/script><span style=\"display: none;\">Esta direcci\u00f3n electr\u00f3nica esta protegida contra spam bots. Necesita activar JavaScript para visualizarla<br><script language=\"JavaScript\" type=\"text\/javascript\"><br \/>\n <!--\n document.write( '<\/' );\n document.write( 'span>' );\n \/\/--><br \/>\n <\/script><\/span>. Tus datos ya los tenemos, si necesitas modificarlos escribe al mismo correo de tesorer\u00eda.<\/span><\/p>\n\n\n\n<div style=\"height: 40px;\">\n<div id=\"fb-root\" class=\" fb_reset\">\n<div style=\"position: absolute; top: -10000px; height: 0px; width: 0px;\">\n<div><iframe id=\"fb_xdm_frame_http\" style=\"border: none;\" tabindex=\"-1\" title=\"Facebook Cross Domain Communication Frame\" src=\"http:\/\/staticxx.facebook.com\/connect\/xd_arbiter\/r\/lY4eZXm_YWu.js?version=42#channel=f415d35c1a4d9&amp;origin=http%3A%2F%2Fmurciaenbici.org\" name=\"fb_xdm_frame_http\" scrolling=\"no\" allowfullscreen=\"allowfullscreen\" aria-hidden=\"true\" frameborder=\"0\"><\/iframe><iframe id=\"fb_xdm_frame_https\" style=\"border: none;\" tabindex=\"-1\" title=\"Facebook Cross Domain Communication Frame\" src=\"https:\/\/staticxx.facebook.com\/connect\/xd_arbiter\/r\/lY4eZXm_YWu.js?version=42#channel=f415d35c1a4d9&amp;origin=http%3A%2F%2Fmurciaenbici.org\" name=\"fb_xdm_frame_https\" scrolling=\"no\" allowfullscreen=\"allowfullscreen\" aria-hidden=\"true\" frameborder=\"0\"><\/iframe><\/div>\n<\/div>\n<div style=\"position: absolute; top: -10000px; height: 0px; width: 0px;\">\n<div>&nbsp;<\/div>\n<\/div>\n<\/div>\n<div class=\"cmp_like_container\" style=\"float: left; margin: 10px;\"><span style=\"vertical-align: bottom; width: 112px; height: 20px;\"><iframe loading=\"lazy\" class=\"\" style=\"border: none; visibility: visible; width: 112px; height: 20px;\" title=\"fb:like Facebook Social Plugin\" src=\"https:\/\/www.facebook.com\/plugins\/like.php?action=like&amp;app_id=&amp;channel=http%3A%2F%2Fstaticxx.facebook.com%2Fconnect%2Fxd_arbiter%2Fr%2FlY4eZXm_YWu.js%3Fversion%3D42%23cb%3Df2eb8cd48d0c79c%26domain%3Dmurciaenbici.org%26origin%3Dhttp%253A%252F%252Fmurciaenbici.org%252Ff415d35c1a4d9%26relation%3Dparent.parent&amp;color_scheme=light&amp;container_width=0&amp;font=arial&amp;href=http%3A%2F%2Fmurciaenbici.org%2Fjoomla%2Fhaztesocio.html&amp;layout=button_count&amp;locale=en_US&amp;sdk=joey&amp;send=true&amp;show_faces=true\" name=\"f32dc81ad969248\" scrolling=\"no\" allowfullscreen=\"allowfullscreen\" width=\"1000px\" height=\"1000px\" frameborder=\"0\"><\/iframe><\/span><\/div>\n<div style=\"float: left; margin: 10px;\"><iframe id=\"twitter-widget-0\" class=\"twitter-share-button twitter-share-button-rendered twitter-tweet-button\" style=\"position: static; visibility: visible; width: 70px; height: 20px;\" title=\"Twitter Tweet Button\" src=\"https:\/\/platform.twitter.com\/widgets\/tweet_button.eaf4b750247dd4d0c4a27df474e7e934.es.html#dnt=false&amp;id=twitter-widget-0&amp;lang=es&amp;original_referer=http%3A%2F%2Fmurciaenbici.org%2Fjoomla%2Fhaztesocio.html&amp;size=m&amp;text=HAZTE%20SOCIO&amp;time=1514449793021&amp;type=share&amp;url=http%3A%2F%2Fmurciaenbici.org%2Fjoomla%2Fhaztesocio.html\" scrolling=\"no\" data-url=\"http:\/\/murciaenbici.org\/joomla\/haztesocio.html\" frameborder=\"0\"><\/iframe><\/div>\n<div class=\"cmp_google_container\" style=\"float: left; margin: 10px;\">\n<div id=\"___plusone_0\" style=\"text-indent: 0px; margin: 0px; padding: 0px; background: transparent; border-style: none; float: none; line-height: normal; font-size: 1px; vertical-align: baseline; display: inline-block; width: 32px; height: 20px;\"><iframe id=\"I0_1514449792887\" style=\"position: static; top: 0px; width: 32px; margin: 0px; border-style: none; left: 0px; visibility: visible; height: 20px;\" tabindex=\"0\" title=\"G+\" src=\"https:\/\/apis.google.com\/u\/0\/se\/0\/_\/+1\/fastbutton?usegapi=1&amp;size=medium&amp;hl=en-US&amp;origin=http%3A%2F%2Fmurciaenbici.org&amp;url=http%3A%2F%2Fmurciaenbici.org%2Fjoomla%2Fhaztesocio.html&amp;gsrc=3p&amp;ic=1&amp;jsh=m%3B%2F_%2Fscs%2Fapps-static%2F_%2Fjs%2Fk%3Doz.gapi.es.hFbZ4K1xROU.O%2Fm%3D__features__%2Fam%3DAQ%2Frt%3Dj%2Fd%3D1%2Frs%3DAGLTcCPp-S2lWq_LFGjaeoXDfry_8uKVtg#_methods=onPlusOne%2C_ready%2C_close%2C_open%2C_resizeMe%2C_renderstart%2Concircled%2Cdrefresh%2Cerefresh&amp;id=I0_1514449792887&amp;_gfid=I0_1514449792887&amp;parent=http%3A%2F%2Fmurciaenbici.org&amp;pfname=&amp;rpctoken=29163036\" name=\"I0_1514449792887\" marginwidth=\"0\" marginheight=\"0\" scrolling=\"no\" data-gapiattached=\"true\" width=\"100%\" frameborder=\"0\"><\/iframe><\/div>\n<\/div>\n<div class=\"cmp_share_container\" style=\"float: right; margin: 10px;\"><script>function fbs_click() {u=\"http:\/\/murciaenbici.org\/joomla\/haztesocio.html\";t=\"HAZTE SOCIO\";var left = (screen.width\/2)-328;var top = (screen.height\/2)-218;window.open(\"\/\/www.facebook.com\/sharer.php?u=http:\/\/murciaenbici.org\/joomla\/haztesocio.html&amp;t=HAZTE SOCIO\",\"Sharer\",\"toolbar=0, location=0, directories=0, status=0, menubar=0, scrollbars=0, resizable=0, copyhistory=0, width=656, height=436, top=\"+top+\", left=\"+left); return false;}<\/script>\n<p>&nbsp;<\/p>\n<style>.cmp_shareicontextlink {   text-decoration: none; line-height: 20px;height: 20px; color: #3B5998; font-size: 11px; font-family: arial, sans-serif;  padding:2px 4px 2px 20px; border:1px solid #CAD4E7; cursor: pointer;  background:url(\/\/static.ak.facebook.com\/images\/share\/facebook_share_icon.gif?6:26981) no-repeat 1px 1px #ECEEF5; -webkit-border-radius: 3px; -moz-border-radius: 3px;} .cmp_shareicontextlink:hover {   background:url(\/\/static.ak.facebook.com\/images\/share\/facebook_share_icon.gif?6:26981) no-repeat 1px 1px #ECEEF5 !important;  border-color:#9dacce !important; color: #3B5998 !important;} <\/style>\n<p><a class=\"cmp_shareicontextlink\" href=\"\/\/murciaenbici.org\/joomla\/haztesocio.html\" target=\"_blank\" rel=\"noopener\">Share<\/a><\/p>\n<\/div>\n<\/div>\n","protected":false},"excerpt":{"rendered":"<p>&nbsp;La&nbsp;Asociaci\u00f3n Murcia en Bici&nbsp;es una asociaci\u00f3n ciudadana de usuarios de la bicicleta&nbsp; sin afiliaci\u00f3n pol\u00edtica ni \u00e1nimo de lucro.&nbsp; &nbsp; Trabajamos para fomentar en el municipio<span class=\"excerpt-hellip\"> [\u2026]<\/span><\/p>\n","protected":false},"author":1,"featured_media":0,"parent":0,"menu_order":0,"comment_status":"closed","ping_status":"closed","template":"","meta":{"footnotes":""},"acf":[],"_links":{"self":[{"href":"http:\/\/murciaenbici.org\/index.php?rest_route=\/wp\/v2\/pages\/164"}],"collection":[{"href":"http:\/\/murciaenbici.org\/index.php?rest_route=\/wp\/v2\/pages"}],"about":[{"href":"http:\/\/murciaenbici.org\/index.php?rest_route=\/wp\/v2\/types\/page"}],"author":[{"embeddable":true,"href":"http:\/\/murciaenbici.org\/index.php?rest_route=\/wp\/v2\/users\/1"}],"replies":[{"embeddable":true,"href":"http:\/\/murciaenbici.org\/index.php?rest_route=%2Fwp%2Fv2%2Fcomments&post=164"}],"version-history":[{"count":4,"href":"http:\/\/murciaenbici.org\/index.php?rest_route=\/wp\/v2\/pages\/164\/revisions"}],"predecessor-version":[{"id":349,"href":"http:\/\/murciaenbici.org\/index.php?rest_route=\/wp\/v2\/pages\/164\/revisions\/349"}],"wp:attachment":[{"href":"http:\/\/murciaenbici.org\/index.php?rest_route=%2Fwp%2Fv2%2Fmedia&parent=164"}],"curies":[{"name":"wp","href":"https:\/\/api.w.org\/{rel}","templated":true}]}}